{"id":11,"date":"2025-06-12T11:57:45","date_gmt":"2025-06-12T09:57:45","guid":{"rendered":"http:\/\/ntg.nysa.pl\/?page_id=11"},"modified":"2025-06-12T12:24:44","modified_gmt":"2025-06-12T10:24:44","slug":"elementor-11","status":"publish","type":"page","link":"http:\/\/ntg.nysa.pl\/","title":{"rendered":"NTG"},"content":{"rendered":"\t\t<div data-elementor-type=\"wp-page\" data-elementor-id=\"11\" class=\"elementor elementor-11\" data-elementor-post-type=\"page\">\n\t\t\t\t<div class=\"elementor-element elementor-element-a9e419b e-flex e-con-boxed e-con e-parent\" data-id=\"a9e419b\" data-element_type=\"container\">\n\t\t\t\t\t<div class=\"e-con-inner\">\n\t\t\t\t<div class=\"elementor-element elementor-element-e499200 elementor-widget elementor-widget-text-editor\" data-id=\"e499200\" data-element_type=\"widget\" data-widget_type=\"text-editor.default\">\n\t\t\t\t<div class=\"elementor-widget-container\">\n\t\t\t\t\t\t\t\t\t<p>Nazwa pe\u0142na NTG JAROS\u0141AW GAWORSKI SP\u00d3\u0141KA KOMANDYTOWA <\/p><p>KRS 0000534747<\/p><p>NIP 7532435736<\/p><p>REGON 360381351<\/p><p>Adres siedziby Grodkowska 56, 48-300 Nysa, Polska<\/p><p>godziny otwarcia 7-15 <br \/>tel. +48 693800564<br \/>mail: biuro@ntg.nysa.pl<\/p>\t\t\t\t\t\t\t\t<\/div>\n\t\t\t\t<\/div>\n\t\t\t\t\t<\/div>\n\t\t\t\t<\/div>\n\t\t\t\t<\/div>\n\t\t","protected":false},"excerpt":{"rendered":"<p>Nazwa pe\u0142na NTG JAROS\u0141AW GAWORSKI SP\u00d3\u0141KA KOMANDYTOWA KRS 0000534747 NIP 7532435736 REGON 360381351 Adres siedziby Grodkowska 56, 48-300 Nysa, Polska godziny otwarcia 7-15 tel. +48 693800564mail: biuro@ntg.nysa.pl<\/p>\n","protected":false},"author":1,"featured_media":0,"parent":0,"menu_order":0,"comment_status":"closed","ping_status":"closed","template":"elementor_header_footer","meta":{"footnotes":""},"class_list":["post-11","page","type-page","status-publish","hentry"],"_links":{"self":[{"href":"http:\/\/ntg.nysa.pl\/index.php?rest_route=\/wp\/v2\/pages\/11","targetHints":{"allow":["GET"]}}],"collection":[{"href":"http:\/\/ntg.nysa.pl\/index.php?rest_route=\/wp\/v2\/pages"}],"about":[{"href":"http:\/\/ntg.nysa.pl\/index.php?rest_route=\/wp\/v2\/types\/page"}],"author":[{"embeddable":true,"href":"http:\/\/ntg.nysa.pl\/index.php?rest_route=\/wp\/v2\/users\/1"}],"replies":[{"embeddable":true,"href":"http:\/\/ntg.nysa.pl\/index.php?rest_route=%2Fwp%2Fv2%2Fcomments&post=11"}],"version-history":[{"count":14,"href":"http:\/\/ntg.nysa.pl\/index.php?rest_route=\/wp\/v2\/pages\/11\/revisions"}],"predecessor-version":[{"id":54,"href":"http:\/\/ntg.nysa.pl\/index.php?rest_route=\/wp\/v2\/pages\/11\/revisions\/54"}],"wp:attachment":[{"href":"http:\/\/ntg.nysa.pl\/index.php?rest_route=%2Fwp%2Fv2%2Fmedia&parent=11"}],"curies":[{"name":"wp","href":"https:\/\/api.w.org\/{rel}","templated":true}]}}